{"id":111,"date":"2021-02-19T02:34:09","date_gmt":"2021-02-19T02:34:09","guid":{"rendered":"https:\/\/tarable.art\/?post_type=product&#038;p=111"},"modified":"2023-12-05T00:33:35","modified_gmt":"2023-12-05T00:33:35","slug":"love-me-the-most-mug","status":"publish","type":"product","link":"https:\/\/tarable.art\/index.php\/product\/love-me-the-most-mug\/","title":{"rendered":"&#8220;Love Me the Most&#8221; Mug"},"content":{"rendered":"<p>Style: Bone China<br \/>\nDimensions:<br \/>\nHeight: 4&#8243;<br \/>\nDiameter: 2.8&#8243;<br \/>\nCapacity: 10 ounces<br \/>\nMicrowave and dishwasher safe<br \/>\nStrong, ceramic construction<br \/>\nMeets FDA requirements for food and beverage safety<\/p>\n","protected":false},"excerpt":{"rendered":"<p>Inspired by the Swedish Proverb, &#8220;\u00c4lska mig mest, n\u00e4r jag f\u00f6rtj\u00e4nar det minst, d\u00e5 beh\u00f6ver jag det b\u00e4st.&#8221;<br \/>\nReady for your coffee, tea, soup, cider, or other tasty beverage, this fine porcelain mug complements both casual and formal table settings. It features a subtly fluted rim and an elegantly curved handle. Serves as a great gift for a special someone!<\/p>\n","protected":false},"featured_media":113,"template":"","meta":[],"_links":{"self":[{"href":"https:\/\/tarable.art\/index.php\/wp-json\/wp\/v2\/product\/111"}],"collection":[{"href":"https:\/\/tarable.art\/index.php\/wp-json\/wp\/v2\/product"}],"about":[{"href":"https:\/\/tarable.art\/index.php\/wp-json\/wp\/v2\/types\/product"}],"wp:featuredmedia":[{"embeddable":true,"href":"https:\/\/tarable.art\/index.php\/wp-json\/wp\/v2\/media\/113"}],"wp:attachment":[{"href":"https:\/\/tarable.art\/index.php\/wp-json\/wp\/v2\/media?parent=111"}],"curies":[{"name":"wp","href":"https:\/\/api.w.org\/{rel}","templated":true}]}}